{"id":723,"date":"2017-02-09T14:49:12","date_gmt":"2017-02-09T14:49:12","guid":{"rendered":"http:\/\/aquavapgroup.ca\/homepage\/"},"modified":"2017-12-21T14:32:45","modified_gmt":"2017-12-21T14:32:45","slug":"homepage","status":"publish","type":"page","link":"https:\/\/aquavapgroup.ca\/fr\/","title":{"rendered":"ACCUEIL"},"content":{"rendered":"<div id='av_section_1'  class='avia-section socket_color avia-section-huge avia-no-border-styling  avia-full-stretch av-section-color-overlay-active avia-bg-style-scroll  avia-builder-el-0  el_before_av_section  avia-builder-el-first   av-minimum-height av-minimum-height-75  container_wrap fullsize' style='background-repeat: no-repeat; background-image: url(https:\/\/aquavapgroup.ca\/wp-content\/uploads\/2017\/02\/aquavap-header-image.jpg);background-attachment: scroll; background-position: center center;  '  data-section-bg-repeat='stretch' data-av_minimum_height_pc='75'><div class='av-section-color-overlay-wrap'><div class='av-section-color-overlay' style='opacity: 0.7; background-color: #032956; '><\/div><div class='container' ><main  role=\"main\" itemprop=\"mainContentOfPage\"  class='template-page content  av-content-full alpha units'><div class='post-entry post-entry-type-page post-entry-723'><div class='entry-content-wrapper clearfix'>\n<section class=\"av_textblock_section \"  itemscope=\"itemscope\" itemtype=\"https:\/\/schema.org\/CreativeWork\" ><div class='avia_textblock  '  style='font-size:20px; '  itemprop=\"text\" ><h1 style=\"text-align: center;\">Nous nous concentrons sur la prestation d\u2019informations compl\u00e8tes et utiles en temps opportun en plus de fournir de l\u2019\u00e9quipement et des pi\u00e8ces de rechange de qualit\u00e9 \u00e0 des prix concurrentiels qui r\u00e9pondent aux exigences de nos clients.<\/h1>\n<p style=\"text-align: center;\">Cette approche a le m\u00e9rite de fournir aux clients une \u00e9quipe sp\u00e9cialis\u00e9e et d\u00e9vou\u00e9e qui \u0153uvre dans son champ de comp\u00e9tence.<\/p>\n<\/div><\/section>\n<\/div><\/div><\/main><!-- close content main element --><\/div><\/div><\/div><div id='av_section_2'  class='avia-section main_color avia-section-huge avia-no-shadow  avia-bg-style-scroll  avia-builder-el-2  el_after_av_section  el_before_av_section   container_wrap fullsize' style=' '  ><div class='container' ><div class='template-page content  av-content-full alpha units'><div class='post-entry post-entry-type-page post-entry-723'><div class='entry-content-wrapper clearfix'>\n<div class=\"flex_column av_one_full  flex_column_div av-zero-column-padding first  avia-builder-el-3  avia-builder-el-no-sibling  \" style='border-radius:0px; '><p><div  style='padding-bottom:10px; ' class='av-special-heading av-special-heading-h2  blockquote modern-quote modern-centered  avia-builder-el-4  el_before_av_textblock  avia-builder-el-first  '><h2 class='av-special-heading-tag '  itemprop=\"headline\"  >QUI NOUS SOMMES, EN QUELQUES MOTS<\/h2><div class='special-heading-border'><div class='special-heading-inner-border' ><\/div><\/div><\/div><br \/>\n<section class=\"av_textblock_section \"  itemscope=\"itemscope\" itemtype=\"https:\/\/schema.org\/CreativeWork\" ><div class='avia_textblock  '   itemprop=\"text\" ><p style=\"text-align: center;\">Robert Bruce Williams a cr\u00e9\u00e9 Aquavap en 1963 pour servir d\u2019interm\u00e9diaire entre les clients fid\u00e8les \u00e0 notre compagnie et les fournisseurs principaux de notre industrie. Nos clients b\u00e9n\u00e9ficient de tous les services entourant la s\u00e9lection, la mise en \u0153uvre, l\u2019achat, l\u2019\u00e9ch\u00e9ancier, l\u2019installation, les raccords, l\u2019exploitation et l\u2019entretien en ce qui a trait aux syst\u00e8mes de plomberie, chauffage, ventilation, climatisation et r\u00e9frig\u00e9ration que nous fournissons.<\/p>\n<p style=\"text-align: center;\"><a href=\"http:\/\/aquavapgroup.ca\/about\/?lang=fr\"><strong>Pour en savoir plus \u2026<\/strong><\/a><\/p>\n<\/div><\/section><\/p><\/div>\n<\/p>\n<\/div><\/div><\/div><!-- close content main div --><\/div><\/div><div id='av_section_3'  class='avia-section main_color avia-section-huge avia-no-shadow  avia-bg-style-scroll  avia-builder-el-6  el_after_av_section  avia-builder-el-last   container_wrap fullsize' style='background-color: #f5f5f5;  '  ><div class='container' ><div class='template-page content  av-content-full alpha units'><div class='post-entry post-entry-type-page post-entry-723'><div class='entry-content-wrapper clearfix'>\n<div class=\"flex_column av_one_full  flex_column_div first  avia-builder-el-7  el_before_av_portfolio  avia-builder-el-no-sibling  \" style='padding:0px 0px 35px 0px ; border-radius:0px; '><p><div  style='padding-bottom:10px; ' class='av-special-heading av-special-heading-h2  blockquote modern-quote modern-centered  avia-builder-el-8  el_before_av_textblock  avia-builder-el-first  '><div class ='av-subheading av-subheading_above  ' style='font-size:15px;'><p>\u2026 et pour pr\u00e9senter nos fournisseurs<\/p>\n<\/div><h2 class='av-special-heading-tag '  itemprop=\"headline\"  >NOS LIENS D\u2019AFFAIRES<\/h2><div class='special-heading-border'><div class='special-heading-inner-border' ><\/div><\/div><\/div><br \/>\n<section class=\"av_textblock_section \"  itemscope=\"itemscope\" itemtype=\"https:\/\/schema.org\/CreativeWork\" ><div class='avia_textblock  '   itemprop=\"text\" ><p style=\"text-align: center;\">Aquavap est fi\u00e8re d\u2019\u00eatre associ\u00e9e \u00e0 des op\u00e9rateurs Tier 1 de renom de l\u2019industrie CVC (HVAC) et d\u2019\u00e9quipements de r\u00e9frig\u00e9ration industrielle en Am\u00e9rique du Nord.<\/p>\n<p style=\"text-align: center;\">&#8211; Baltimore Aircoil Company<br \/>\n&#8211; Kelvion<br \/>\n&#8211; Rosemex<br \/>\n&#8211; Mason<br \/>\n&#8211; Whalen<\/p>\n<\/div><\/section><\/p><\/div><div  id=\"av-sc-portfolio-1\"  class=' grid-sort-container isotope   no_margin-container with-title-container grid-total-odd grid-col-5 grid-links-' data-portfolio-id='1'><div data-ajax-id='745' class=' grid-entry flex_column isotope-item all_sort no_margin post-entry post-entry-745 grid-entry-overview grid-loop-1 grid-parity-odd  products-fr_sort  av_one_fifth first default_av_fullwidth '><article class='main_color inner-entry'  itemscope=\"itemscope\" itemtype=\"https:\/\/schema.org\/CreativeWork\" ><a href='https:\/\/aquavapgroup.ca\/fr\/product-item\/baltimore-aircoil-company\/' title='LA COMPAGNIE BALTIMORE AIRCOIL (BAC)'  data-rel='grid-1' class='grid-image avia-hover-fx'><img loading=\"lazy\" decoding=\"async\" width=\"300\" height=\"300\" src=\"https:\/\/aquavapgroup.ca\/wp-content\/uploads\/2017\/05\/bac-300x300.jpg\" class=\"attachment-medium size-medium wp-post-image\" alt=\"\" srcset=\"https:\/\/aquavapgroup.ca\/wp-content\/uploads\/2017\/05\/bac-300x300.jpg 300w, https:\/\/aquavapgroup.ca\/wp-content\/uploads\/2017\/05\/bac-80x80.jpg 80w, https:\/\/aquavapgroup.ca\/wp-content\/uploads\/2017\/05\/bac-36x36.jpg 36w, https:\/\/aquavapgroup.ca\/wp-content\/uploads\/2017\/05\/bac-180x180.jpg 180w, https:\/\/aquavapgroup.ca\/wp-content\/uploads\/2017\/05\/bac-120x120.jpg 120w, https:\/\/aquavapgroup.ca\/wp-content\/uploads\/2017\/05\/bac-450x450.jpg 450w, https:\/\/aquavapgroup.ca\/wp-content\/uploads\/2017\/05\/bac.jpg 600w\" sizes=\"auto, (max-width: 300px) 100vw, 300px\" \/><\/a><div class='grid-content'><div class='avia-arrow'><\/div><header class=\"entry-content-header\"><h3 class='grid-entry-title entry-title '  itemprop=\"headline\" ><a href='https:\/\/aquavapgroup.ca\/fr\/product-item\/baltimore-aircoil-company\/' title='LA COMPAGNIE BALTIMORE AIRCOIL (BAC)'>LA COMPAGNIE BALTIMORE AIRCOIL (BAC)<\/a><\/h3><\/header><\/div><footer class=\"entry-footer\"><\/footer><\/article><\/div><div data-ajax-id='744' class=' grid-entry flex_column isotope-item all_sort no_margin post-entry post-entry-744 grid-entry-overview grid-loop-2 grid-parity-even  products-fr_sort  av_one_fifth  default_av_fullwidth '><article class='main_color inner-entry'  itemscope=\"itemscope\" itemtype=\"https:\/\/schema.org\/CreativeWork\" ><a href='https:\/\/aquavapgroup.ca\/fr\/product-item\/product-five\/' title='KELVION'  data-rel='grid-1' class='grid-image avia-hover-fx'><img loading=\"lazy\" decoding=\"async\" width=\"300\" height=\"300\" src=\"https:\/\/aquavapgroup.ca\/wp-content\/uploads\/2017\/02\/kelvion-300x300.jpg\" class=\"attachment-medium size-medium wp-post-image\" alt=\"\" srcset=\"https:\/\/aquavapgroup.ca\/wp-content\/uploads\/2017\/02\/kelvion-300x300.jpg 300w, https:\/\/aquavapgroup.ca\/wp-content\/uploads\/2017\/02\/kelvion-80x80.jpg 80w, https:\/\/aquavapgroup.ca\/wp-content\/uploads\/2017\/02\/kelvion-36x36.jpg 36w, https:\/\/aquavapgroup.ca\/wp-content\/uploads\/2017\/02\/kelvion-180x180.jpg 180w, https:\/\/aquavapgroup.ca\/wp-content\/uploads\/2017\/02\/kelvion-120x120.jpg 120w, https:\/\/aquavapgroup.ca\/wp-content\/uploads\/2017\/02\/kelvion.jpg 350w\" sizes=\"auto, (max-width: 300px) 100vw, 300px\" \/><\/a><div class='grid-content'><div class='avia-arrow'><\/div><header class=\"entry-content-header\"><h3 class='grid-entry-title entry-title '  itemprop=\"headline\" ><a href='https:\/\/aquavapgroup.ca\/fr\/product-item\/product-five\/' title='KELVION'>KELVION<\/a><\/h3><\/header><\/div><footer class=\"entry-footer\"><\/footer><\/article><\/div><div data-ajax-id='746' class=' grid-entry flex_column isotope-item all_sort no_margin post-entry post-entry-746 grid-entry-overview grid-loop-3 grid-parity-odd  products-fr_sort  av_one_fifth  default_av_fullwidth '><article class='main_color inner-entry'  itemscope=\"itemscope\" itemtype=\"https:\/\/schema.org\/CreativeWork\" ><a href='https:\/\/aquavapgroup.ca\/fr\/product-item\/rosemex\/' title='ROSEMEX'  data-rel='grid-1' class='grid-image avia-hover-fx'><img loading=\"lazy\" decoding=\"async\" width=\"300\" height=\"300\" src=\"https:\/\/aquavapgroup.ca\/wp-content\/uploads\/2017\/02\/rosemex-300x300.jpg\" class=\"attachment-medium size-medium wp-post-image\" alt=\"\" srcset=\"https:\/\/aquavapgroup.ca\/wp-content\/uploads\/2017\/02\/rosemex-300x300.jpg 300w, https:\/\/aquavapgroup.ca\/wp-content\/uploads\/2017\/02\/rosemex-80x80.jpg 80w, https:\/\/aquavapgroup.ca\/wp-content\/uploads\/2017\/02\/rosemex-36x36.jpg 36w, https:\/\/aquavapgroup.ca\/wp-content\/uploads\/2017\/02\/rosemex-180x180.jpg 180w, https:\/\/aquavapgroup.ca\/wp-content\/uploads\/2017\/02\/rosemex-120x120.jpg 120w, https:\/\/aquavapgroup.ca\/wp-content\/uploads\/2017\/02\/rosemex.jpg 350w\" sizes=\"auto, (max-width: 300px) 100vw, 300px\" \/><\/a><div class='grid-content'><div class='avia-arrow'><\/div><header class=\"entry-content-header\"><h3 class='grid-entry-title entry-title '  itemprop=\"headline\" ><a href='https:\/\/aquavapgroup.ca\/fr\/product-item\/rosemex\/' title='ROSEMEX'>ROSEMEX<\/a><\/h3><\/header><\/div><footer class=\"entry-footer\"><\/footer><\/article><\/div><div data-ajax-id='747' class=' grid-entry flex_column isotope-item all_sort no_margin post-entry post-entry-747 grid-entry-overview grid-loop-4 grid-parity-even  products-fr_sort  av_one_fifth  default_av_fullwidth '><article class='main_color inner-entry'  itemscope=\"itemscope\" itemtype=\"https:\/\/schema.org\/CreativeWork\" ><a href='https:\/\/aquavapgroup.ca\/fr\/product-item\/mason\/' title='LES INDUSTRIES MASON INC.'  data-rel='grid-1' class='grid-image avia-hover-fx'><img loading=\"lazy\" decoding=\"async\" width=\"300\" height=\"300\" src=\"https:\/\/aquavapgroup.ca\/wp-content\/uploads\/2017\/02\/thumb_mason-isolater-300x300.jpg\" class=\"attachment-medium size-medium wp-post-image\" alt=\"\" srcset=\"https:\/\/aquavapgroup.ca\/wp-content\/uploads\/2017\/02\/thumb_mason-isolater-300x300.jpg 300w, https:\/\/aquavapgroup.ca\/wp-content\/uploads\/2017\/02\/thumb_mason-isolater-80x80.jpg 80w, https:\/\/aquavapgroup.ca\/wp-content\/uploads\/2017\/02\/thumb_mason-isolater-36x36.jpg 36w, https:\/\/aquavapgroup.ca\/wp-content\/uploads\/2017\/02\/thumb_mason-isolater-180x180.jpg 180w, https:\/\/aquavapgroup.ca\/wp-content\/uploads\/2017\/02\/thumb_mason-isolater-120x120.jpg 120w, https:\/\/aquavapgroup.ca\/wp-content\/uploads\/2017\/02\/thumb_mason-isolater.jpg 350w\" sizes=\"auto, (max-width: 300px) 100vw, 300px\" \/><\/a><div class='grid-content'><div class='avia-arrow'><\/div><header class=\"entry-content-header\"><h3 class='grid-entry-title entry-title '  itemprop=\"headline\" ><a href='https:\/\/aquavapgroup.ca\/fr\/product-item\/mason\/' title='LES INDUSTRIES MASON INC.'>LES INDUSTRIES MASON INC.<\/a><\/h3><\/header><\/div><footer class=\"entry-footer\"><\/footer><\/article><\/div><div data-ajax-id='748' class=' grid-entry flex_column isotope-item all_sort no_margin post-entry post-entry-748 grid-entry-overview grid-loop-5 grid-parity-odd  post-entry-last  products-fr_sort  av_one_fifth  default_av_fullwidth '><article class='main_color inner-entry'  itemscope=\"itemscope\" itemtype=\"https:\/\/schema.org\/CreativeWork\" ><a href='https:\/\/aquavapgroup.ca\/fr\/product-item\/whalen\/' title='WHALEN'  data-rel='grid-1' class='grid-image avia-hover-fx'><img loading=\"lazy\" decoding=\"async\" width=\"300\" height=\"300\" src=\"https:\/\/aquavapgroup.ca\/wp-content\/uploads\/2017\/05\/whalen-300x300.jpg\" class=\"attachment-medium size-medium wp-post-image\" alt=\"\" srcset=\"https:\/\/aquavapgroup.ca\/wp-content\/uploads\/2017\/05\/whalen-300x300.jpg 300w, https:\/\/aquavapgroup.ca\/wp-content\/uploads\/2017\/05\/whalen-80x80.jpg 80w, https:\/\/aquavapgroup.ca\/wp-content\/uploads\/2017\/05\/whalen-36x36.jpg 36w, https:\/\/aquavapgroup.ca\/wp-content\/uploads\/2017\/05\/whalen-180x180.jpg 180w, https:\/\/aquavapgroup.ca\/wp-content\/uploads\/2017\/05\/whalen-120x120.jpg 120w, https:\/\/aquavapgroup.ca\/wp-content\/uploads\/2017\/05\/whalen-450x450.jpg 450w, https:\/\/aquavapgroup.ca\/wp-content\/uploads\/2017\/05\/whalen.jpg 468w\" sizes=\"auto, (max-width: 300px) 100vw, 300px\" \/><\/a><div class='grid-content'><div class='avia-arrow'><\/div><header class=\"entry-content-header\"><h3 class='grid-entry-title entry-title '  itemprop=\"headline\" ><a href='https:\/\/aquavapgroup.ca\/fr\/product-item\/whalen\/' title='WHALEN'>WHALEN<\/a><\/h3><\/header><\/div><footer class=\"entry-footer\"><\/footer><\/article><\/div><\/div>\n\n","protected":false},"excerpt":{"rendered":"","protected":false},"author":2,"featured_media":0,"parent":0,"menu_order":0,"comment_status":"closed","ping_status":"closed","template":"","meta":{"footnotes":""},"class_list":["post-723","page","type-page","status-publish","hentry"],"_links":{"self":[{"href":"https:\/\/aquavapgroup.ca\/fr\/wp-json\/wp\/v2\/pages\/723","targetHints":{"allow":["GET"]}}],"collection":[{"href":"https:\/\/aquavapgroup.ca\/fr\/wp-json\/wp\/v2\/pages"}],"about":[{"href":"https:\/\/aquavapgroup.ca\/fr\/wp-json\/wp\/v2\/types\/page"}],"author":[{"embeddable":true,"href":"https:\/\/aquavapgroup.ca\/fr\/wp-json\/wp\/v2\/users\/2"}],"replies":[{"embeddable":true,"href":"https:\/\/aquavapgroup.ca\/fr\/wp-json\/wp\/v2\/comments?post=723"}],"version-history":[{"count":7,"href":"https:\/\/aquavapgroup.ca\/fr\/wp-json\/wp\/v2\/pages\/723\/revisions"}],"predecessor-version":[{"id":777,"href":"https:\/\/aquavapgroup.ca\/fr\/wp-json\/wp\/v2\/pages\/723\/revisions\/777"}],"wp:attachment":[{"href":"https:\/\/aquavapgroup.ca\/fr\/wp-json\/wp\/v2\/media?parent=723"}],"curies":[{"name":"wp","href":"https:\/\/api.w.org\/{rel}","templated":true}]}}