{"id":727,"date":"2014-08-24T17:14:26","date_gmt":"2014-08-24T17:14:26","guid":{"rendered":"http:\/\/aquavapgroup.ca\/about\/"},"modified":"2017-12-20T22:32:22","modified_gmt":"2017-12-20T22:32:22","slug":"about","status":"publish","type":"page","link":"https:\/\/aquavapgroup.ca\/fr\/about\/","title":{"rendered":"\u00c0 propos de nous"},"content":{"rendered":"<div id='av_section_1'  class='avia-section socket_color avia-section-huge avia-no-border-styling  avia-full-stretch av-section-color-overlay-active avia-bg-style-scroll  avia-builder-el-0  el_before_av_section  avia-builder-el-first   av-minimum-height av-minimum-height-25  container_wrap fullsize' style='background-repeat: no-repeat; background-image: url(https:\/\/aquavapgroup.ca\/wp-content\/uploads\/2017\/02\/aquavap-header-image.jpg);background-attachment: scroll; background-position: top center;  '  data-section-bg-repeat='stretch' data-av_minimum_height_pc='25'><div class='av-section-color-overlay-wrap'><div class='av-section-color-overlay' style='opacity: 0.7; background-color: #032956; '><\/div><div class='container' ><main  role=\"main\" itemprop=\"mainContentOfPage\"  class='template-page content  av-content-full alpha units'><div class='post-entry post-entry-type-page post-entry-727'><div class='entry-content-wrapper clearfix'>\n<section class=\"av_textblock_section \"  itemscope=\"itemscope\" itemtype=\"https:\/\/schema.org\/CreativeWork\" ><div class='avia_textblock  '   itemprop=\"text\" ><h1 style=\"text-align: center;\">\u00c0 PROPOS DE NOUS<\/h1>\n<\/div><\/section>\n\n<\/div><\/div><\/main><!-- close content main element --><\/div><\/div><\/div><div id='av_section_2'  class='avia-section main_color avia-section-small avia-no-border-styling  avia-bg-style-fixed  avia-builder-el-2  el_after_av_section  avia-builder-el-last   container_wrap fullsize' style=' '  ><div class='container' ><div class='template-page content  av-content-full alpha units'><div class='post-entry post-entry-type-page post-entry-727'><div class='entry-content-wrapper clearfix'>\n<div class='flex_column_table av-equal-height-column-flextable -flextable' style='margin-top:-60px; margin-bottom:0px; '><div class=\"flex_column av_one_full  no_margin flex_column_table_cell av-equal-height-column av-align-top first  avia-builder-el-3  el_before_av_one_half  avia-builder-el-first  \" style='padding:30px; background-color:#ffffff; border-radius:0px; '><p><div  style='height:10px' class='hr hr-invisible   avia-builder-el-4  el_before_av_heading  avia-builder-el-first '><span class='hr-inner ' ><span class='hr-inner-style'><\/span><\/span><\/div><br \/>\n<div  style='padding-bottom:10px; ' class='av-special-heading av-special-heading-h2  blockquote modern-quote modern-centered  avia-builder-el-5  el_after_av_hr  el_before_av_hr  '><h2 class='av-special-heading-tag '  itemprop=\"headline\"  >LE GROUPE AQUAVAP<\/h2><div class='special-heading-border'><div class='special-heading-inner-border' ><\/div><\/div><\/div><br \/>\n<div  style=' margin-top:30px; margin-bottom:30px;'  class='hr hr-custom hr-center hr-icon-yes   avia-builder-el-6  el_after_av_heading  el_before_av_textblock '><span class='hr-inner   inner-border-av-border-thin' style=' width:45%;' ><span class='hr-inner-style'><\/span><\/span><span class='av-seperator-icon'  aria-hidden='true' data-av_icon='\ue8bf' data-av_iconfont='entypo-fontello'><\/span><span class='hr-inner   inner-border-av-border-thin' style=' width:45%;' ><span class='hr-inner-style'><\/span><\/span><\/div><br \/>\n<section class=\"av_textblock_section \"  itemscope=\"itemscope\" itemtype=\"https:\/\/schema.org\/CreativeWork\" ><div class='avia_textblock  '  style='font-size:18px; '  itemprop=\"text\" ><p>Robert Bruce Williams a cr\u00e9\u00e9 Aquavap en 1963 pour servir d\u2019interm\u00e9diaire entre les clients fid\u00e8les \u00e0 notre compagnie et les fournisseurs principaux de notre industrie. Nos clients b\u00e9n\u00e9ficient de tous les services entourant la s\u00e9lection, la mise en \u0153uvre, l\u2019achat, l\u2019\u00e9ch\u00e9ancier de l\u2019installation,\u00a0l\u2019exploitation et l\u2019entretien en ce qui a trait aux syst\u00e8mes de plomberie, chauffage, ventilation, climatisation et r\u00e9frig\u00e9ration que nous fournissons. Nous sommes une organisation \u00e0 service complet sp\u00e9cialis\u00e9e dans les produits de CVC (HVAC), d\u2019\u00e9changeurs de chaleur, de refroidissement par \u00e9vaporation, de filtration des liquides et de circulation d\u2019air. Nous nous concentrons sur la prestation d\u2019informations compl\u00e8tes et utiles de fa\u00e7on ponctuelle en plus de fournir de l\u2019\u00e9quipement et des pi\u00e8ces de rechange de qualit\u00e9 \u00e0 des prix concurrentiels qui r\u00e9pondent aux exigences de nos clients.<\/p>\n<p>Nous mettons l\u2019accent sur les march\u00e9s commerciaux, industriels, de remplacement et de services. Notre approche \u00e0 quatre volets inclut des employ\u00e9s d\u00e9di\u00e9s et d\u2019exp\u00e9rience selon leur domaine d\u2019expertise. Ils sont bas\u00e9s dans la grande r\u00e9gion de Montr\u00e9al et \u00e0 Moncton, permettant ainsi de desservir la vall\u00e9e de l\u2019Outaouais incluant la r\u00e9gion d\u2019Ottawa-Gatineau, le Qu\u00e9bec et les provinces de l\u2019atlantique.<\/p>\n<\/div><\/section><br \/>\n<div  style='height:60px' class='hr hr-invisible   avia-builder-el-8  el_after_av_textblock  avia-builder-el-last '><span class='hr-inner ' ><span class='hr-inner-style'><\/span><\/span><\/div><\/p><\/div><\/div><!--close column table wrapper. Autoclose: 1 --><div class='flex_column_table av-equal-height-column-flextable -flextable' style='margin-top:-60px; margin-bottom:0px; '><div class=\"flex_column av_one_half  no_margin flex_column_table_cell av-equal-height-column av-align-top first  avia-builder-el-9  el_after_av_one_full  el_before_av_one_half  column-top-margin\" style='padding:30px; background-color:#ffffff; border-radius:0px; '><section class=\"av_textblock_section \"  itemscope=\"itemscope\" itemtype=\"https:\/\/schema.org\/CreativeWork\" ><div class='avia_textblock  '   itemprop=\"text\" ><p>Aquavap dispose d\u2019un \u00e9ventail complet de services sp\u00e9cialis\u00e9 de syst\u00e8mes CVC, de transfert de chaleur, de refroidissement par \u00e9vaporation, de dispositifs de filtration des liquides et d\u2019\u00e9changeurs a\u00e9rauliques. Nous offrons \u00e0 nos clients des renseignements techniques rigoureux, utiles et en temps opportun ainsi que des pi\u00e8ces d\u2019\u00e9quipement et de rechange de qualit\u00e9 qui r\u00e9pondent \u00e0 toutes leurs exigences, et ce, \u00e0 des prix concurrentiels.<\/p>\n<\/div><\/section><\/div><div class=\"flex_column av_one_half  no_margin flex_column_table_cell av-equal-height-column av-align-top   avia-builder-el-11  el_after_av_one_half  el_before_av_hr  column-top-margin\" style='padding:30px; background-color:#ffffff; border-radius:0px; '><section class=\"av_textblock_section \"  itemscope=\"itemscope\" itemtype=\"https:\/\/schema.org\/CreativeWork\" ><div class='avia_textblock  '   itemprop=\"text\" ><p>Nous nous concentrons sur quatre march\u00e9s : commercial, industriel, de remplacement et du service. Cette approche nous donne l\u2019avantage de recruter une \u00e9quipe sp\u00e9cialis\u00e9e extr\u00eamement d\u00e9di\u00e9e o\u00f9 chaque personne peut \u0153uvrer dans son champ de comp\u00e9tences. Situ\u00e9e \u00e0 Montr\u00e9al et \u00e0 Moncton, elle dessert la vall\u00e9e d\u2019Ottawa, le Qu\u00e9bec et les Maritimes.<\/p>\n<\/div><\/section><\/div><\/div><!--close column table wrapper. Autoclose: 1 --><div  style='height:60px' class='hr hr-invisible   avia-builder-el-13  el_after_av_one_half  avia-builder-el-last '><span class='hr-inner ' ><span class='hr-inner-style'><\/span><\/span><\/div>\n\n","protected":false},"excerpt":{"rendered":"","protected":false},"author":2,"featured_media":0,"parent":0,"menu_order":0,"comment_status":"open","ping_status":"open","template":"","meta":{"footnotes":""},"class_list":["post-727","page","type-page","status-publish","hentry"],"_links":{"self":[{"href":"https:\/\/aquavapgroup.ca\/fr\/wp-json\/wp\/v2\/pages\/727","targetHints":{"allow":["GET"]}}],"collection":[{"href":"https:\/\/aquavapgroup.ca\/fr\/wp-json\/wp\/v2\/pages"}],"about":[{"href":"https:\/\/aquavapgroup.ca\/fr\/wp-json\/wp\/v2\/types\/page"}],"author":[{"embeddable":true,"href":"https:\/\/aquavapgroup.ca\/fr\/wp-json\/wp\/v2\/users\/2"}],"replies":[{"embeddable":true,"href":"https:\/\/aquavapgroup.ca\/fr\/wp-json\/wp\/v2\/comments?post=727"}],"version-history":[{"count":3,"href":"https:\/\/aquavapgroup.ca\/fr\/wp-json\/wp\/v2\/pages\/727\/revisions"}],"predecessor-version":[{"id":771,"href":"https:\/\/aquavapgroup.ca\/fr\/wp-json\/wp\/v2\/pages\/727\/revisions\/771"}],"wp:attachment":[{"href":"https:\/\/aquavapgroup.ca\/fr\/wp-json\/wp\/v2\/media?parent=727"}],"curies":[{"name":"wp","href":"https:\/\/api.w.org\/{rel}","templated":true}]}}