{"id":740,"date":"2017-05-11T14:39:41","date_gmt":"2017-05-11T14:39:41","guid":{"rendered":"http:\/\/aquavapgroup.ca\/atlantic\/"},"modified":"2025-07-22T17:35:32","modified_gmt":"2025-07-22T17:35:32","slug":"atlantic","status":"publish","type":"page","link":"https:\/\/aquavapgroup.ca\/fr\/atlantic\/","title":{"rendered":"Provinces de l&rsquo;atlantique"},"content":{"rendered":"<div id='av_section_1'  class='avia-section socket_color avia-section-huge avia-no-border-styling  avia-full-stretch av-section-color-overlay-active avia-bg-style-scroll  avia-builder-el-0  el_before_av_section  avia-builder-el-first   av-minimum-height av-minimum-height-25  container_wrap fullsize' style='background-repeat: no-repeat; background-image: url(https:\/\/aquavapgroup.ca\/wp-content\/uploads\/2017\/02\/aquavap-header-image.jpg);background-attachment: scroll; background-position: top center;  '  data-section-bg-repeat='stretch' data-av_minimum_height_pc='25'><div class='av-section-color-overlay-wrap'><div class='av-section-color-overlay' style='opacity: 0.7; background-color: #032956; '><\/div><div class='container' ><main  role=\"main\" itemprop=\"mainContentOfPage\"  class='template-page content  av-content-full alpha units'><div class='post-entry post-entry-type-page post-entry-740'><div class='entry-content-wrapper clearfix'>\n<section class=\"av_textblock_section \"  itemscope=\"itemscope\" itemtype=\"https:\/\/schema.org\/CreativeWork\" ><div class='avia_textblock  '   itemprop=\"text\" ><h1 style=\"text-align: center;\">LES PROVINCES DE L\u2019ATLANTIQUE<\/h1>\n<\/div><\/section>\n\n<\/div><\/div><\/main><!-- close content main element --><\/div><\/div><\/div><div id='commercial'  class='avia-section main_color avia-section-small avia-no-border-styling  avia-bg-style-fixed  avia-builder-el-2  el_after_av_section  avia-builder-el-last   container_wrap fullsize' style=' '  ><div class='container' ><div class='template-page content  av-content-full alpha units'><div class='post-entry post-entry-type-page post-entry-740'><div class='entry-content-wrapper clearfix'>\n<div  style='height:10px' class='hr hr-invisible   avia-builder-el-3  el_before_av_one_full  avia-builder-el-first '><span class='hr-inner ' ><span class='hr-inner-style'><\/span><\/span><\/div>\n<div class='flex_column_table av-equal-height-column-flextable -flextable' style='margin-top:-60px; margin-bottom:0px; '><div class=\"flex_column av_one_full  no_margin flex_column_table_cell av-equal-height-column av-align-top first  avia-builder-el-4  el_after_av_hr  el_before_av_hr  \" style='padding:30px; background-color:#ffffff; border-radius:0px; '><section class=\"av_textblock_section \"  itemscope=\"itemscope\" itemtype=\"https:\/\/schema.org\/CreativeWork\" ><div class='avia_textblock  '   itemprop=\"text\" ><p>Dans une r\u00e9gion aussi vaste et diversifi\u00e9e que les provinces de l\u2019atlantique, nous sommes fiers d\u2019\u00eatre reconnu comme \u00e9tant le Chef de file en mati\u00e8re de solutions pour tirer profit d\u2019une grande vari\u00e9t\u00e9 d\u2019\u00e9quipements haut de gamme. Nos clients sont tout aussi diversifi\u00e9s et inclus des institutions, des compagnies commerciales et les petites et grandes entreprises.<\/p>\n<\/div><\/section><\/div><\/div><!--close column table wrapper. Autoclose: 1 --><div  style=' margin-top:30px; margin-bottom:30px;'  class='hr hr-custom hr-center hr-icon-yes   avia-builder-el-6  el_after_av_one_full  el_before_av_hr '><span class='hr-inner   inner-border-av-border-thin' style=' width:45%;' ><span class='hr-inner-style'><\/span><\/span><span class='av-seperator-icon'  aria-hidden='true' data-av_icon='\ue8bf' data-av_iconfont='entypo-fontello'><\/span><span class='hr-inner   inner-border-av-border-thin' style=' width:45%;' ><span class='hr-inner-style'><\/span><\/span><\/div>\n<div  style='height:60px' class='hr hr-invisible   avia-builder-el-7  el_after_av_hr  el_before_av_one_full '><span class='hr-inner ' ><span class='hr-inner-style'><\/span><\/span><\/div>\n<div class='flex_column_table av-equal-height-column-flextable -flextable' style='margin-top:-60px; margin-bottom:0px; '><div class=\"flex_column av_one_full  no_margin flex_column_table_cell av-equal-height-column av-align-top first  avia-builder-el-8  el_after_av_hr  el_before_av_hr  \" style='padding:30px; background-color:#ffffff; border-radius:0px; '><section class=\"av_textblock_section \"  itemscope=\"itemscope\" itemtype=\"https:\/\/schema.org\/CreativeWork\" ><div class='avia_textblock  '   itemprop=\"text\" ><p>Pour satisfaire aux besoins des entreprises que nous desservons, nous repr\u00e9sentons fi\u00e8rement les fournisseurs suivants, pour la qualit\u00e9 de l\u2019\u00e9quipement et des services qu\u2019ils offrent.<\/p>\n<ul>\n<li><strong>Baltimore Aircoil Compagnie<\/strong> \u2013 Chef de file mondial d\u2019appareils de refroidissement par \u00e9vaporation qui conservent les ressources et respectent l\u2019environnement. BAC offre un \u00e9ventail de produits\u00a0:\n<ul>\n<li>Tours de refroidissement<\/li>\n<li>Refroidisseurs de liquides<\/li>\n<li>Condenseurs \u00e9vaporatifs<\/li>\n<\/ul>\n<\/li>\n<li><strong>Climateworx International :<\/strong> Solutions de climatisation essentielles \u00e0 la mission<br \/>\nNous avons plusieurs agents de refroidissement parmi lesquels choisir, tels l\u2019eau r\u00e9frig\u00e9r\u00e9e et la r\u00e9frig\u00e9ration \u00e0 l\u2019air (DX), eau et glycol, ainsi qu\u2019un assortiment de syst\u00e8mes de refroidissement mixtes ou naturels. Des syst\u00e8mes de conditionnement d\u2019air monoblocs ou biblocs sont disponibles dans une configuration fix\u00e9e au sol, et dont le flux peut \u00eatre r\u00e9gl\u00e9 en position verticale ascendante ou descendante.<\/li>\n<\/ul>\n<ul>\n<li><strong>Dectron : <\/strong>\n<ul>\n<li>Appareils de d\u00e9shumidification, de chauffage et de ventilation des piscines<\/li>\n<li>D\u00e9shumidificateurs pour les ar\u00e9nas<\/li>\n<li>Postes de pompage<\/li>\n<li>Syst\u00e8mes de d\u00e9shumidification industriels<\/li>\n<\/ul>\n<\/li>\n<li><strong>Eco-tron : <\/strong>\n<ul>\n<li>Syst\u00e8mes de r\u00e9frig\u00e9ration sur mesure, de r\u00e9cup\u00e9ration \u00e9nerg\u00e9tique et appareils de d\u00e9shumidification<\/li>\n<li>Syst\u00e8mes de d\u00e9shumidification int\u00e9rieurs ou pour toiture, avec ou sans r\u00e9cup\u00e9ration \u00e9nerg\u00e9tique<\/li>\n<li>Roue \u00e0 dessication ou roue \u00e0 r\u00e9cup\u00e9ration d\u2019\u00e9nergie<\/li>\n<li>Prises d\u2019air de compensation \u00e0 100 % ou d\u2019air m\u00e9lang\u00e9<\/li>\n<li>Solutions d\u2019assainissement de l\u2019air<\/li>\n<\/ul>\n<\/li>\n<li><strong>Mason <\/strong>: pi\u00e8ces d\u2019\u00e9quipement, isolant, planchers flottants, retenues sismiques, isolant mural<\/li>\n<li><strong>MGI Technologies inc. :<\/strong>\n<ul>\n<li>Entrainements \u00e0 fr\u00e9quence variable et moteurs munis d\u2019une ondulation du courant assign\u00e9e<\/li>\n<li>Conception d\u2019un syst\u00e8me d\u2019entrainement avec boitiers CVC (HVAC) faits sur mesure.<\/li>\n<\/ul>\n<\/li>\n<li><strong>Rosemax :<\/strong> unit\u00e9s standard de traitement de l\u2019air ou faits sur mesure, serpentins, varimark, ventilo-convecteurs, bo\u00eetiers pour palmes murales<\/li>\n<li><strong>Ventilateur Acme : <\/strong>vventilateur axial, de toiture, mural, de cuisine, \u00e0 aubes inclin\u00e9es vers l\u2019arri\u00e8re ou profil\u00e9es, ventilateur de traitement de mat\u00e9riaux et ventilateurs en roue libre. Syst\u00e8mes de ventilateurs-turbines, fournitures d\u2019h\u00e9lices \u00e0 ventilateurs et de ventilateurs d\u2019a\u00e9ration en toiture ou muraux.<\/li>\n<li><strong>Acme Produits d\u2019ing\u00e9nierie :<\/strong> d\u00e9tecteurs de gaz pour le contr\u00f4le des syst\u00e8mes de ventilation des b\u00e2timents, syst\u00e8mes sans fil<\/li>\n<li><strong>Addison :<\/strong> thermopompes \u00e0 eau, appareils de d\u00e9shumidification \u00e0 100 % d\u2019efficacit\u00e9<\/li>\n<li><strong>Air Management inc. :<\/strong> Volets \u00e0 fermeture \u00e9tanche en Aluminium, Galvanis\u00e9s ou en Acier inoxydable, Volets anti refoulement industriels et Volets Coupe-Feu<\/li>\n<li><strong>Aldes : <\/strong>ventilateurs-r\u00e9cup\u00e9rateurs de chaleur et d\u2019\u00e9nergie pour immeubles \u00e0 logements multiples ou commerciaux<strong><br \/>\n<\/strong><\/li>\n<li><strong>Berner International :<\/strong> portes d\u2019a\u00e9ration, rideaux d\u2019air chaud op\u00e9rants \u00e0 l\u2019\u00e9lectricit\u00e9 ou \u00e0 l\u2019eau chaude<\/li>\n<li><strong>Circulaire Industrial :<\/strong> phase de filtration des gaz, r\u00e9cup\u00e9rateurs de chaleur, \u00e9purateurs \u00e0 haute densit\u00e9 et \u00e0 lit profond<\/li>\n<li><strong>Colmac Coils <\/strong>: \u00e9vaporateurs \u00e0 serpentins ou faits sur mesure, refroidisseurs \u00e0 sec, condenseurs, serpentins de chauffage et de refroidissement, caloducs<\/li>\n<li><strong>Colmac Waterheat :<\/strong> chauffe-eau \u00e0 thermopompe \u00e0 eau ou \u00e0 air<\/li>\n<li><strong>Composite Cooling Solutions :<\/strong> tours de refroidissement en fibres de verre et en composite construites sur place<\/li>\n<li><strong>Daltec :<\/strong> Ventilateurs et souffleurs industriels<\/li>\n<li><strong>Durasystems :<\/strong> conduits d\u2019air r\u00e9sistant aux incendies et barri\u00e8res coupe-feu<\/li>\n<li><strong>FM Welding Ltd :<\/strong> r\u00e9cipients sous pression faits sur mesure, offre de g\u00e9n\u00e9rateurs d\u2019eau chaude, chauffe-eau r\u00e9sidentiel avec paroi de b\u00e9ton.<\/li>\n<li><strong>Kelvion (autrefois GEA) :<\/strong> \u00c9changeurs de chaleur \u00e0 plaque et cadre \u00e0 haut rendement, \u00e9changeurs de chaleur \u00e0 plaque avec joint d\u2019\u00e9tanch\u00e9it\u00e9, \u00e9changeurs de chaleur \u00e0 plaques bras\u00e9es, \u00e9changeurs de chaleur \u00e0 plaques compl\u00e8tement soud\u00e9es<\/li>\n<li><strong>Hays Fluid Control :<\/strong> soupapes r\u00e9gulatrices de d\u00e9bit<\/li>\n<li><strong>Herrmidifier :<\/strong> pneumatique, humidificateurs \u00e0 condensation centrale, syst\u00e8me de pulv\u00e9risation \u00e0 induction Herrmidicool, humidificateurs \u00e0 injection de vapeur<\/li>\n<li><strong>Kathabar :<\/strong> syst\u00e8mes de d\u00e9shumidification par dessiccant, syst\u00e8mes de r\u00e9cup\u00e9ration d\u2019\u00e9nergie \u00e0 capteur double<\/li>\n<li><strong>Kitchen Hoods Fast :<\/strong> hottes de ventilation compensatoire avec \u00e9vacuation, unit\u00e9s d\u2019air d\u2019appoint<\/li>\n<li><strong>Metlane Acoustical Products :<\/strong> att\u00e9nuateurs acoustiques et plenums<\/li>\n<li><strong>Niagara Blower :<\/strong> tours de refroidissement industrielles et refroidisseurs de liquides<\/li>\n<li><strong>Nu-Air :<\/strong> ensembles d\u2019\u00e9changeurs thermiques commerciaux \u2013 jusqu\u2019\u00e0 10\u00a0000 pi 3 \/min, plaques, roues, r\u00e9cup\u00e9rateurs de chaleur latente HXC<\/li>\n<li><strong>PEP Filters :<\/strong> s\u00e9parateurs centrifuges et filtres \u00e0 sable<\/li>\n<li><strong>Plasticair : <\/strong>\u00e9purateurs humides et ventilateurs centrifuges, ventilateurs de polyester renforc\u00e9 de fibres de verre (PRFV), syst\u00e8mes de dilution<\/li>\n<li><strong>Plymovent :<\/strong> syst\u00e8mes industriels et commerciaux d\u2019\u00e9vacuation des gaz<\/li>\n<li><strong>Solaronics:<\/strong> appareils \u00e0 infrarouge de faible intensit\u00e9 et d\u2019intensit\u00e9 \u00e9lev\u00e9e aliment\u00e9s au gaz naturel<\/li>\n<li><strong>Sterling :<\/strong> appareil de chauffage aliment\u00e9s au gaz naturel, ensembles de conduits de distribution de la fournaise (interieur et toiture), appareil \u00e0 infrarouge \u00e0 intensit\u00e9 \u00e9lev\u00e9e<\/li>\n<li><strong>Tandem Chillers :<\/strong> syst\u00e8mes de r\u00e9frig\u00e9ration modulaires, refroidis \u00e0 l\u2019air ou \u00e0 l\u2019eau, la solution id\u00e9ale lorsque l\u2019acc\u00e8s et l\u2019espace sont r\u00e9duits, o\u00f9 projet d\u2019expansion deviendra in\u00e9vitable et lorsqu\u2019on exige une grande capacit\u00e9 de refroidissement et un fonctionnement continu.<\/li>\n<li><strong>Thermolec :<\/strong> serpentins \u00e9lectriques<\/li>\n<li><strong>Tuttle &amp; Bailey :<\/strong> grillages, diffuseurs, unit\u00e9s thermiques<\/li>\n<li><strong>Vantex\/Alumavent :<\/strong> grilles d\u2019a\u00e9ration drainables de 4 et 6 pouces et \u00e9dicules (Certification AMCA), registres d\u2019aluminium \u00e0 pales motoris\u00e9es \u2013 isol\u00e9s et \u00e0 faible \u00e9coulement \u2013 actionneurs Belimo<\/li>\n<li><strong>Western Ventilation Products :<\/strong> Persiennes et Volets industriels en acier inoxydable, galvanis\u00e9s et aluminium.<\/li>\n<\/ul>\n<\/div><\/section><\/div><\/div><!--close column table wrapper. Autoclose: 1 --><div  style='height:30px' class='hr hr-invisible   avia-builder-el-10  el_after_av_one_full  avia-builder-el-last '><span class='hr-inner ' ><span class='hr-inner-style'><\/span><\/span><\/div>\n\n","protected":false},"excerpt":{"rendered":"","protected":false},"author":2,"featured_media":0,"parent":0,"menu_order":0,"comment_status":"closed","ping_status":"closed","template":"","meta":{"footnotes":""},"class_list":["post-740","page","type-page","status-publish","hentry"],"_links":{"self":[{"href":"https:\/\/aquavapgroup.ca\/fr\/wp-json\/wp\/v2\/pages\/740","targetHints":{"allow":["GET"]}}],"collection":[{"href":"https:\/\/aquavapgroup.ca\/fr\/wp-json\/wp\/v2\/pages"}],"about":[{"href":"https:\/\/aquavapgroup.ca\/fr\/wp-json\/wp\/v2\/types\/page"}],"author":[{"embeddable":true,"href":"https:\/\/aquavapgroup.ca\/fr\/wp-json\/wp\/v2\/users\/2"}],"replies":[{"embeddable":true,"href":"https:\/\/aquavapgroup.ca\/fr\/wp-json\/wp\/v2\/comments?post=740"}],"version-history":[{"count":5,"href":"https:\/\/aquavapgroup.ca\/fr\/wp-json\/wp\/v2\/pages\/740\/revisions"}],"predecessor-version":[{"id":1228,"href":"https:\/\/aquavapgroup.ca\/fr\/wp-json\/wp\/v2\/pages\/740\/revisions\/1228"}],"wp:attachment":[{"href":"https:\/\/aquavapgroup.ca\/fr\/wp-json\/wp\/v2\/media?parent=740"}],"curies":[{"name":"wp","href":"https:\/\/api.w.org\/{rel}","templated":true}]}}