{"id":749,"date":"2014-08-24T17:28:24","date_gmt":"2014-08-24T17:28:24","guid":{"rendered":"http:\/\/aquavapgroup.ca\/contact\/"},"modified":"2021-01-08T19:26:17","modified_gmt":"2021-01-08T19:26:17","slug":"contact","status":"publish","type":"page","link":"https:\/\/aquavapgroup.ca\/fr\/contact\/","title":{"rendered":"Pour Nous Joindre"},"content":{"rendered":"<div id='av_section_1'  class='avia-section socket_color avia-section-huge avia-no-border-styling  avia-full-stretch av-section-color-overlay-active avia-bg-style-scroll  avia-builder-el-0  el_before_av_section  avia-builder-el-first   av-minimum-height av-minimum-height-25  container_wrap fullsize' style='background-repeat: no-repeat; background-image: url(https:\/\/aquavapgroup.ca\/wp-content\/uploads\/2017\/02\/aquavap-header-image.jpg);background-attachment: scroll; background-position: top center;  '  data-section-bg-repeat='stretch' data-av_minimum_height_pc='25'><div class='av-section-color-overlay-wrap'><div class='av-section-color-overlay' style='opacity: 0.7; background-color: #032956; '><\/div><div class='container' ><main  role=\"main\" itemprop=\"mainContentOfPage\"  class='template-page content  av-content-full alpha units'><div class='post-entry post-entry-type-page post-entry-749'><div class='entry-content-wrapper clearfix'>\n<section class=\"av_textblock_section \"  itemscope=\"itemscope\" itemtype=\"https:\/\/schema.org\/CreativeWork\" ><div class='avia_textblock  '   itemprop=\"text\" ><h1 style=\"text-align: center;\">POUR NOUS JOINDRE<\/h1>\n<\/div><\/section>\n\n<\/div><\/div><\/main><!-- close content main element --><\/div><\/div><\/div><div id='av_section_2'  class='avia-section main_color avia-section-small avia-no-border-styling  avia-bg-style-fixed  avia-builder-el-2  el_after_av_section  el_before_av_section   container_wrap fullsize' style=' '  ><div class='container' ><div class='template-page content  av-content-full alpha units'><div class='post-entry post-entry-type-page post-entry-749'><div class='entry-content-wrapper clearfix'>\n<div class='flex_column_table av-equal-height-column-flextable -flextable' style='margin-top:-60px; margin-bottom:0px; '><div class=\"flex_column av_one_full  no_margin flex_column_table_cell av-equal-height-column av-align-top first  avia-builder-el-3  el_before_av_one_fourth  avia-builder-el-first  \" style='padding:30px; background-color:#ffffff; border-radius:0px; '><p><div  style='height:10px' class='hr hr-invisible   avia-builder-el-4  el_before_av_heading  avia-builder-el-first '><span class='hr-inner ' ><span class='hr-inner-style'><\/span><\/span><\/div><br \/>\n<div  style='padding-bottom:10px; ' class='av-special-heading av-special-heading-h2  blockquote modern-quote modern-centered  avia-builder-el-5  el_after_av_hr  el_before_av_hr  '><h2 class='av-special-heading-tag '  itemprop=\"headline\"  >QU\u00c9BEC ET VALL\u00c9E DE L\u2019OUTAOUAIS<\/h2><div class='special-heading-border'><div class='special-heading-inner-border' ><\/div><\/div><\/div><br \/>\n<div  style=' margin-top:30px; margin-bottom:30px;'  class='hr hr-custom hr-center hr-icon-yes   avia-builder-el-6  el_after_av_heading  avia-builder-el-last '><span class='hr-inner   inner-border-av-border-thin' style=' width:45%;' ><span class='hr-inner-style'><\/span><\/span><span class='av-seperator-icon'  aria-hidden='true' data-av_icon='\ue8bf' data-av_iconfont='entypo-fontello'><\/span><span class='hr-inner   inner-border-av-border-thin' style=' width:45%;' ><span class='hr-inner-style'><\/span><\/span><\/div><\/p><\/div><\/div><!--close column table wrapper. Autoclose: 1 --><div class='flex_column_table av-equal-height-column-flextable -flextable' style='margin-top:-60px; margin-bottom:0px; '><div class=\"flex_column av_one_fourth  no_margin flex_column_table_cell av-equal-height-column av-align-top first  avia-builder-el-7  el_after_av_one_full  el_before_av_one_fourth  column-top-margin\" style='padding:30px; background-color:#ffffff; border-radius:0px; '><section class=\"av_textblock_section \"  itemscope=\"itemscope\" itemtype=\"https:\/\/schema.org\/CreativeWork\" ><div class='avia_textblock  '   itemprop=\"text\" ><h3 style=\"text-align: center;\">March\u00e9 commercial et institutionnel<\/h3>\n<p style=\"text-align: center;\">(514) 595-1234, poste 105<\/p>\n<p style=\"text-align: center;\"><em><a href=\"mailto:ali@aquavapgroup.ca\">ali@aquavapgroup.ca<\/a><\/em><\/p>\n<\/div><\/section><\/div><div class=\"flex_column av_one_fourth  no_margin flex_column_table_cell av-equal-height-column av-align-top   avia-builder-el-9  el_after_av_one_fourth  el_before_av_one_fourth  column-top-margin\" style='padding:30px; background-color:#ffffff; border-radius:0px; '><section class=\"av_textblock_section \"  itemscope=\"itemscope\" itemtype=\"https:\/\/schema.org\/CreativeWork\" ><div class='avia_textblock  '   itemprop=\"text\" ><h3 style=\"text-align: center;\">March\u00e9 industriel et de la r\u00e9frig\u00e9ration<\/h3>\n<p style=\"text-align: center;\">(514) 595-1234, poste 104<\/p>\n<p style=\"text-align: center;\"><em><a href=\"mailto:golnar@aquavapgroup.ca\">golnar@aquavapgroup.ca<\/a> <\/em><\/p>\n<\/div><\/section><\/div><div class=\"flex_column av_one_fourth  no_margin flex_column_table_cell av-equal-height-column av-align-top   avia-builder-el-11  el_after_av_one_fourth  el_before_av_one_fourth  column-top-margin\" style='padding:30px; background-color:#ffffff; border-radius:0px; '><section class=\"av_textblock_section \"  itemscope=\"itemscope\" itemtype=\"https:\/\/schema.org\/CreativeWork\" ><div class='avia_textblock  '   itemprop=\"text\" ><h3 style=\"text-align: center;\">March\u00e9 apr\u00e8s-ventes et des pi\u00e8ces<\/h3>\n<p style=\"text-align: center;\">(514) 595-1234, poste 103<\/p>\n<p style=\"text-align: center;\"><a href=\"mailto:parts@aquavapgroup.ca\"><em>parts@aquavapgroup.ca<\/em> <\/a><\/p>\n<\/div><\/section><\/div><div class=\"flex_column av_one_fourth  no_margin flex_column_table_cell av-equal-height-column av-align-top   avia-builder-el-13  el_after_av_one_fourth  el_before_av_hr  column-top-margin\" style='padding:30px; background-color:#ffffff; border-radius:0px; '><section class=\"av_textblock_section \"  itemscope=\"itemscope\" itemtype=\"https:\/\/schema.org\/CreativeWork\" ><div class='avia_textblock  '   itemprop=\"text\" ><h3 style=\"text-align: center;\">Service et entretien<\/h3>\n<p style=\"text-align: center;\">(514) 852-3333<\/p>\n<p style=\"text-align: center;\"><a href=\"mailto:service@tourdeforce.ca\"><em>service@tourdeforce.ca<\/em><\/a><\/p>\n<\/div><\/section><\/div><\/div><!--close column table wrapper. Autoclose: 1 --><div  style='height:60px' class='hr hr-invisible   avia-builder-el-15  el_after_av_one_fourth  avia-builder-el-last '><span class='hr-inner ' ><span class='hr-inner-style'><\/span><\/span><\/div>\n<\/div><\/div><\/div><!-- close content main div --><\/div><\/div><div id='av_section_3'  class='avia-section main_color avia-section-huge avia-no-border-styling  avia-bg-style-scroll  avia-builder-el-16  el_after_av_section  avia-builder-el-last   container_wrap fullsize' style=' '  ><div class='container' ><div class='template-page content  av-content-full alpha units'><div class='post-entry post-entry-type-page post-entry-749'><div class='entry-content-wrapper clearfix'>\n<div class=\"flex_column av_one_full  flex_column_div av-zero-column-padding first  avia-builder-el-17  el_before_av_one_third  avia-builder-el-first  \" style='border-radius:0px; '><p><div  style='padding-bottom:10px; ' class='av-special-heading av-special-heading-h2  blockquote modern-quote modern-centered  avia-builder-el-18  el_before_av_hr  avia-builder-el-first  '><h2 class='av-special-heading-tag '  itemprop=\"headline\"  >PROVINCES ATLANTIQUES<\/h2><div class='special-heading-border'><div class='special-heading-inner-border' ><\/div><\/div><\/div><br \/>\n<div  style=' margin-top:30px; margin-bottom:30px;'  class='hr hr-custom hr-center hr-icon-yes   avia-builder-el-19  el_after_av_heading  avia-builder-el-last '><span class='hr-inner   inner-border-av-border-thin' style=' width:45%;' ><span class='hr-inner-style'><\/span><\/span><span class='av-seperator-icon'  aria-hidden='true' data-av_icon='\ue8bf' data-av_iconfont='entypo-fontello'><\/span><span class='hr-inner   inner-border-av-border-thin' style=' width:45%;' ><span class='hr-inner-style'><\/span><\/span><\/div><\/p><\/div><div class=\"flex_column av_one_third  flex_column_div av-zero-column-padding first  avia-builder-el-20  el_after_av_one_full  el_before_av_one_fifth  column-top-margin\" style='border-radius:0px; '><section class=\"av_textblock_section \"  itemscope=\"itemscope\" itemtype=\"https:\/\/schema.org\/CreativeWork\" ><div class='avia_textblock  '   itemprop=\"text\" ><h3 style=\"text-align: center;\">Ventes d\u2019\u00e9quipement haute technologie<\/h3>\n<p style=\"text-align: center;\">(506) 857-8744<\/p>\n<p style=\"text-align: center;\"><a href=\"mailto:gerry@aquavapgroup.ca\"><em>gerry@aquavapgroup.ca<\/em> <\/a><\/p>\n<p style=\"text-align: center;\"><a href=\"mailto:daniel@aquavapgroup.ca\"><em>daniel@aquavapgroup.ca<\/em><\/a><\/p>\n<\/div><\/section><\/div><div class=\"flex_column av_one_fifth  flex_column_div av-zero-column-padding   avia-builder-el-22  el_after_av_one_third  el_before_av_one_fourth  column-top-margin\" style='border-radius:0px; '><section class=\"av_textblock_section \"  itemscope=\"itemscope\" itemtype=\"https:\/\/schema.org\/CreativeWork\" ><div class='avia_textblock  '   itemprop=\"text\" ><h3 style=\"text-align: center;\">Ventes internes<\/h3>\n<p style=\"text-align: center;\">(506) 857-8744<\/p>\n<p style=\"text-align: center;\"><a href=\"mailto:jennifer@aquavapgroup.ca\"><em>jennifer@aquavapgroup.ca<\/em> <\/a><\/p>\n<\/div><\/section><\/div><div class=\"flex_column av_one_fourth  flex_column_div av-zero-column-padding   avia-builder-el-24  el_after_av_one_fifth  el_before_av_one_fifth  column-top-margin\" style='border-radius:0px; '><section class=\"av_textblock_section \"  itemscope=\"itemscope\" itemtype=\"https:\/\/schema.org\/CreativeWork\" ><div class='avia_textblock  '   itemprop=\"text\" ><h3 style=\"text-align: center;\">Administration<\/h3>\n<p style=\"text-align: center;\">(506) 857-8744<\/p>\n<p style=\"text-align: center;\"><a href=\"mailto:kim@aquavapgroup.ca\"><em>kim@aquavapgroup.ca<\/em> <\/a><\/p>\n<\/div><\/section><\/div><div class=\"flex_column av_one_fifth  flex_column_div av-zero-column-padding   avia-builder-el-26  el_after_av_one_fourth  avia-builder-el-last  column-top-margin\" style='border-radius:0px; '><section class=\"av_textblock_section \"  itemscope=\"itemscope\" itemtype=\"https:\/\/schema.org\/CreativeWork\" ><div class='avia_textblock  '   itemprop=\"text\" ><h3 style=\"text-align: center;\">Service<\/h3>\n<p style=\"text-align: center;\">(506) 857-8744<\/p>\n<p style=\"text-align: center;\"><em><a href=\"mailto:bruce@aquavapgroup.ca\">bruce@aquavapgroup.ca<\/a><\/em><\/p>\n<\/div><\/section><\/div>\n<\/p>\n","protected":false},"excerpt":{"rendered":"","protected":false},"author":2,"featured_media":0,"parent":0,"menu_order":0,"comment_status":"closed","ping_status":"closed","template":"","meta":{"footnotes":""},"class_list":["post-749","page","type-page","status-publish","hentry"],"_links":{"self":[{"href":"https:\/\/aquavapgroup.ca\/fr\/wp-json\/wp\/v2\/pages\/749","targetHints":{"allow":["GET"]}}],"collection":[{"href":"https:\/\/aquavapgroup.ca\/fr\/wp-json\/wp\/v2\/pages"}],"about":[{"href":"https:\/\/aquavapgroup.ca\/fr\/wp-json\/wp\/v2\/types\/page"}],"author":[{"embeddable":true,"href":"https:\/\/aquavapgroup.ca\/fr\/wp-json\/wp\/v2\/users\/2"}],"replies":[{"embeddable":true,"href":"https:\/\/aquavapgroup.ca\/fr\/wp-json\/wp\/v2\/comments?post=749"}],"version-history":[{"count":5,"href":"https:\/\/aquavapgroup.ca\/fr\/wp-json\/wp\/v2\/pages\/749\/revisions"}],"predecessor-version":[{"id":1126,"href":"https:\/\/aquavapgroup.ca\/fr\/wp-json\/wp\/v2\/pages\/749\/revisions\/1126"}],"wp:attachment":[{"href":"https:\/\/aquavapgroup.ca\/fr\/wp-json\/wp\/v2\/media?parent=749"}],"curies":[{"name":"wp","href":"https:\/\/api.w.org\/{rel}","templated":true}]}}